{"id":56,"date":"2022-06-05T08:32:42","date_gmt":"2022-06-05T08:32:42","guid":{"rendered":"https:\/\/dnp-consulting.com\/?page_id=56"},"modified":"2022-06-05T09:12:07","modified_gmt":"2022-06-05T09:12:07","slug":"der-rechtliche-rahmen","status":"publish","type":"page","link":"https:\/\/dnp-consulting.com\/index.php\/der-rechtliche-rahmen\/","title":{"rendered":"Der rechtliche Rahmen"},"content":{"rendered":"<p>F\u00fcr den Betrieb einer <strong>Elektrotechnischen Energierzeugungseinheit<\/strong> gibt es einen klaren festgelegten gesetzlichen Rahmen. Dieser ist <strong>Zweigleisig<\/strong> aufgebaut. Zum Einen \u00fcber den Gesetzgeber und zum Anderen \u00fcber die Berufsgenossenschaften. Auch wenn die Betreibergesellschaft kein Personal hat, so hat der Betreiber die Verantwortung der Koordination, der Delegation und \u00dcberwachung der Anlagenverantwortung und die Auswahlverantwortung f\u00fcr die Vertragspartner und eingesetzten Dienstleister.<\/p>\n<p><img loading=\"lazy\" decoding=\"async\" class=\"aligncenter size-full wp-image-57\" src=\"https:\/\/dnp-consulting.com\/wp-content\/uploads\/2022\/06\/dnp_risiko2.jpg\" alt=\"\" width=\"1024\" height=\"546\" srcset=\"https:\/\/dnp-consulting.com\/wp-content\/uploads\/2022\/06\/dnp_risiko2.jpg 1024w, https:\/\/dnp-consulting.com\/wp-content\/uploads\/2022\/06\/dnp_risiko2-300x160.jpg 300w, https:\/\/dnp-consulting.com\/wp-content\/uploads\/2022\/06\/dnp_risiko2-768x410.jpg 768w\" sizes=\"auto, (max-width: 1024px) 100vw, 1024px\" \/><\/p>\n<p>dnp-consulting kann s\u00e4mtliche Funktionen und Verantwortlichkeiten im Sinne eines rechtsssicheren Betriebes der Energieerzeugungsanlage \u00fcbernehmen und kann daf\u00fcr nachstehend aufgef\u00fchrte Bereiche abdecken:<\/p>\n<ul>\n<li style=\"text-align: left;\">SiFa Fachkraft f\u00fcr Arbeitssicherheit gem\u00e4\u00df DGUV Vorschrift 2 der UVT\n<ul>\n<li style=\"text-align: left;\">Branche Maschinenbau, Teil der Berufsgenossenschaft Holz\/Metall<\/li>\n<li style=\"text-align: left;\">Branche Metall, Teil der Berufsgenosschenschaft Holz\/Metall<\/li>\n<li>Branche H\u00fctten- und Walzwerk, Teil der Berufsgenosschenschaft Holz\/Metall<\/li>\n<li>Berufsgenossenschaft der Bauwirtschaft<\/li>\n<li>Branche Energie- und Wasserwirtschaft (Teil der Berufsgenossenschaft Energie Textil Elektro Medienerzeugnisse)<\/li>\n<\/ul>\n<\/li>\n<li>GVEFK gesamtverantwortliche Elektrofachkraft<\/li>\n<li>Auditor f\u00fcr Arbeitsschutzmanagementsystem T\u00dcV PersCert<\/li>\n<li>Qualit\u00e4tsmanager T\u00dcV PersCert<\/li>\n<li>Umweltmanagementbeauftrager\n<ul>\n<li>Betriebsbeauftragter f\u00fcr Gew\u00e4sserschutz in Anlehnung an \u00a7\u00a7 64-66 WHG<\/li>\n<li>Betriebsbeauftragter f\u00fcr Abfall gem\u00e4\u00df \u00a7\u00a7 59-60 KrWG<\/li>\n<li>Betriebsbeauftragter f\u00fcr Immissionschutz nach \u00a77 Nr.2 der 5.BImSchV vom 30.Juli 1993<\/li>\n<\/ul>\n<\/li>\n<li>Arbeitssicherheitsmanagement f\u00fcr operative F\u00fchrungskr\u00e4fte gem\u00e4\u00df Dokument 017 des SCC Regelwerkes<\/li>\n<\/ul>\n","protected":false},"excerpt":{"rendered":"<p>F\u00fcr den Betrieb einer Elektrotechnischen Energierzeugungseinheit gibt es einen klaren festgelegten gesetzlichen Rahmen. Dieser ist Zweigleisig aufgebaut. Zum Einen \u00fcber den Gesetzgeber und zum Anderen \u00fcber die Berufsgenossenschaften. Auch wenn die Betreibergesellschaft kein Personal hat, so hat der Betreiber die Verantwortung der Koordination, der Delegation und \u00dcberwachung der Anlagenverantwortung und die Auswahlverantwortung f\u00fcr die Vertragspartner &#8230; <a title=\"Der rechtliche Rahmen\" class=\"read-more\" href=\"https:\/\/dnp-consulting.com\/index.php\/der-rechtliche-rahmen\/\" aria-label=\"Mehr Informationen \u00fcber Der rechtliche Rahmen\">Weiterlesen<\/a><\/p>\n","protected":false},"author":1,"featured_media":65,"parent":0,"menu_order":0,"comment_status":"closed","ping_status":"closed","template":"","meta":{"footnotes":""},"class_list":["post-56","page","type-page","status-publish","has-post-thumbnail"],"_links":{"self":[{"href":"https:\/\/dnp-consulting.com\/index.php\/wp-json\/wp\/v2\/pages\/56","targetHints":{"allow":["GET"]}}],"collection":[{"href":"https:\/\/dnp-consulting.com\/index.php\/wp-json\/wp\/v2\/pages"}],"about":[{"href":"https:\/\/dnp-consulting.com\/index.php\/wp-json\/wp\/v2\/types\/page"}],"author":[{"embeddable":true,"href":"https:\/\/dnp-consulting.com\/index.php\/wp-json\/wp\/v2\/users\/1"}],"replies":[{"embeddable":true,"href":"https:\/\/dnp-consulting.com\/index.php\/wp-json\/wp\/v2\/comments?post=56"}],"version-history":[{"count":7,"href":"https:\/\/dnp-consulting.com\/index.php\/wp-json\/wp\/v2\/pages\/56\/revisions"}],"predecessor-version":[{"id":67,"href":"https:\/\/dnp-consulting.com\/index.php\/wp-json\/wp\/v2\/pages\/56\/revisions\/67"}],"wp:featuredmedia":[{"embeddable":true,"href":"https:\/\/dnp-consulting.com\/index.php\/wp-json\/wp\/v2\/media\/65"}],"wp:attachment":[{"href":"https:\/\/dnp-consulting.com\/index.php\/wp-json\/wp\/v2\/media?parent=56"}],"curies":[{"name":"wp","href":"https:\/\/api.w.org\/{rel}","templated":true}]}}