{"id":50,"date":"2022-06-05T08:14:14","date_gmt":"2022-06-05T08:14:14","guid":{"rendered":"https:\/\/dnp-consulting.com\/?page_id=50"},"modified":"2022-06-05T09:09:53","modified_gmt":"2022-06-05T09:09:53","slug":"elektrotechnische-betriebsorganisation","status":"publish","type":"page","link":"https:\/\/dnp-consulting.com\/index.php\/elektrotechnische-betriebsorganisation\/","title":{"rendered":"Elektrotechnische Betriebsorganisation"},"content":{"rendered":"<p>Der Betrieb einer Energieerzeugungseinheit bedarf immer einer Elektrotechnischen Betriebsorganisation.<\/p>\n<p><img loading=\"lazy\" decoding=\"async\" class=\"aligncenter size-full wp-image-51\" src=\"https:\/\/dnp-consulting.com\/wp-content\/uploads\/2022\/06\/dnp_risiko1.jpg\" alt=\"\" width=\"1024\" height=\"508\" srcset=\"https:\/\/dnp-consulting.com\/wp-content\/uploads\/2022\/06\/dnp_risiko1.jpg 1024w, https:\/\/dnp-consulting.com\/wp-content\/uploads\/2022\/06\/dnp_risiko1-300x149.jpg 300w, https:\/\/dnp-consulting.com\/wp-content\/uploads\/2022\/06\/dnp_risiko1-768x381.jpg 768w\" sizes=\"auto, (max-width: 1024px) 100vw, 1024px\" \/><\/p>\n<p>Der Gesch\u00e4ftsf\u00fchrer der Komplement\u00e4rgesellschaft muss nachweisen, dass er von seiner Qualifikation her eine Elektrotechnische Betriebsorganisation leiten kann, oder durch rechtssichere Delegation nachweisen, dass seine Organisation dies kann und auch die bef\u00e4higten Personen daf\u00fcr vorhanden und bestellt sind.<\/p>\n<p>dnp-consulting stellt diese bef\u00e4higten Personen rechtssicher zur Verf\u00fcgung. dnp-consulting \u00fcbernimmt die gesamte Koordination innerhalb der elektrotechnischen Betriebsorganisaton. Auch ein Betriebsf\u00fchrer unterliegt der Aufsichtsverantwortung durch den Betreiber, ebenso wie s\u00e4mtliche Subunternehmer und Vetragspartner, welche in der Erzeugungseinheit T\u00e4tigkeiten durchf\u00fchren. Regelm\u00e4\u00dfige Gef\u00e4hrdungsbeurteilungen, Lieferantenbewertungen und Audits schaffen daher Rechtssicherheit im Sinne der Aufsichtsverantwortung.<\/p>\n","protected":false},"excerpt":{"rendered":"<p>Der Betrieb einer Energieerzeugungseinheit bedarf immer einer Elektrotechnischen Betriebsorganisation. Der Gesch\u00e4ftsf\u00fchrer der Komplement\u00e4rgesellschaft muss nachweisen, dass er von seiner Qualifikation her eine Elektrotechnische Betriebsorganisation leiten kann, oder durch rechtssichere Delegation nachweisen, dass seine Organisation dies kann und auch die bef\u00e4higten Personen daf\u00fcr vorhanden und bestellt sind. dnp-consulting stellt diese bef\u00e4higten Personen rechtssicher zur Verf\u00fcgung. dnp-consulting &#8230; <a title=\"Elektrotechnische Betriebsorganisation\" class=\"read-more\" href=\"https:\/\/dnp-consulting.com\/index.php\/elektrotechnische-betriebsorganisation\/\" aria-label=\"Mehr Informationen \u00fcber Elektrotechnische Betriebsorganisation\">Weiterlesen<\/a><\/p>\n","protected":false},"author":1,"featured_media":65,"parent":0,"menu_order":0,"comment_status":"closed","ping_status":"closed","template":"","meta":{"footnotes":""},"class_list":["post-50","page","type-page","status-publish","has-post-thumbnail"],"_links":{"self":[{"href":"https:\/\/dnp-consulting.com\/index.php\/wp-json\/wp\/v2\/pages\/50","targetHints":{"allow":["GET"]}}],"collection":[{"href":"https:\/\/dnp-consulting.com\/index.php\/wp-json\/wp\/v2\/pages"}],"about":[{"href":"https:\/\/dnp-consulting.com\/index.php\/wp-json\/wp\/v2\/types\/page"}],"author":[{"embeddable":true,"href":"https:\/\/dnp-consulting.com\/index.php\/wp-json\/wp\/v2\/users\/1"}],"replies":[{"embeddable":true,"href":"https:\/\/dnp-consulting.com\/index.php\/wp-json\/wp\/v2\/comments?post=50"}],"version-history":[{"count":4,"href":"https:\/\/dnp-consulting.com\/index.php\/wp-json\/wp\/v2\/pages\/50\/revisions"}],"predecessor-version":[{"id":54,"href":"https:\/\/dnp-consulting.com\/index.php\/wp-json\/wp\/v2\/pages\/50\/revisions\/54"}],"wp:featuredmedia":[{"embeddable":true,"href":"https:\/\/dnp-consulting.com\/index.php\/wp-json\/wp\/v2\/media\/65"}],"wp:attachment":[{"href":"https:\/\/dnp-consulting.com\/index.php\/wp-json\/wp\/v2\/media?parent=50"}],"curies":[{"name":"wp","href":"https:\/\/api.w.org\/{rel}","templated":true}]}}