{"id":35,"date":"2022-05-30T11:46:21","date_gmt":"2022-05-30T11:46:21","guid":{"rendered":"https:\/\/dnp-consulting.com\/?page_id=35"},"modified":"2022-06-05T10:56:49","modified_gmt":"2022-06-05T10:56:49","slug":"wir-uebernehmen-risiken","status":"publish","type":"page","link":"https:\/\/dnp-consulting.com\/","title":{"rendered":"Wir \u00fcbernehmen Risiken"},"content":{"rendered":"<div class=\"entry-content\">\n<p>Energieanlagen sind nach dem Energiewirtschaftsgesetz \u00a749 so zu errichten und zu betreiben, dass die technische Sicherheit gew\u00e4hrleistet ist. Bei Arbeitsschutzma\u00dfnahmen muss der Stand der Technik Beachtung finden. Es sind die Vorgaben des Gesetzgebers zu befolgen. Der Betreiber (Eigent\u00fcmer der Anlage, die dem Gesch\u00e4ftsziel verbunden ist, Strom zu produzieren), muss seinen Betreiberpflichten wie Organisationsverantwortung, Auswahlverantwortung, Aufsichtsverantwortung und Einhaltung der Meldepflichten nachkommen.<\/p>\n<p>Deswegen ist bei der Auftragsvergabe und Durchf\u00fchrung von Pr\u00fcfungen insbesondere auf die Einhaltung der Pflichten zu achten. Der Betreiber tr\u00e4gt weiterhin im Rahmen seiner Auswahlverantwortung die Pflicht, Gef\u00e4hrdungsbeurteilungen durchzuf\u00fchren, um sicher zu gehen, dass er vollumf\u00e4nglich diesen Pflichten nachgekommen ist. Dies ist insbesondere im Hinblick auf den Stand der Technik der f\u00fcr die Erzeugung von Energie im Einsatz befindlichen Komponenten und auch auf die sich im Zuge des Betriebes \u00e4ndernden Rahmenbedingung, wie Vorschriften und Gesetze, n\u00f6tig. Der Betreiber ist grunds\u00e4tzlich verpflichtet, die Risiken, die von seiner Anlage ausgehen, zu analysieren und die Gef\u00e4hrdungen zu bewerten.\u00a0 Dies m\u00fcndet u. a. in einer regelm\u00e4\u00dfigen \u00dcberpr\u00fcfung bestimmter Systeme der Anlage hinsichtlich ihrer Integrit\u00e4t und in bestimmten weiteren Ma\u00dfnahmen. N\u00e4heres findet sich in der BImSchG, der jeweiligen Erzeugungsanlage.<\/p>\n<p>Die Betreibergesellschaft hat einen oder mehrere Gesch\u00e4ftsf\u00fchrer. Die Gesellschaft muss f\u00fcr den Betrieb einer solchen Anlage eine <strong><em>elektrotechnische Betriebsorganisation<\/em><\/strong> vorhalten. In der Regel sind die Gesch\u00e4ftsf\u00fchrer jedoch Kaufleute und so werden externe Vertragspartner mit den Aufgaben der Betriebsf\u00fchrung, Wartung &amp; Instandsetzung, sowie Durchf\u00fchrung von Pr\u00fcfungen beauftragt. Die dnp-consulting \u00fcbernimmt hierbei die Kontrolle und \u00dcberwachung der Risiken des Betreibers im Rahmen der Elektrotechnischen Betriebsorganisation f\u00fcr die jeweilige abgeschlossene elektrische Betriebsst\u00e4tte.<\/p>\n<\/div>\n","protected":false},"excerpt":{"rendered":"<p>Energieanlagen sind nach dem Energiewirtschaftsgesetz \u00a749 so zu errichten und zu betreiben, dass die technische Sicherheit gew\u00e4hrleistet ist. Bei Arbeitsschutzma\u00dfnahmen muss der Stand der Technik Beachtung finden. Es sind die Vorgaben des Gesetzgebers zu befolgen. Der Betreiber (Eigent\u00fcmer der Anlage, die dem Gesch\u00e4ftsziel verbunden ist, Strom zu produzieren), muss seinen Betreiberpflichten wie Organisationsverantwortung, Auswahlverantwortung, Aufsichtsverantwortung &#8230; <a title=\"Wir \u00fcbernehmen Risiken\" class=\"read-more\" href=\"https:\/\/dnp-consulting.com\/\" aria-label=\"Mehr Informationen \u00fcber Wir \u00fcbernehmen Risiken\">Weiterlesen<\/a><\/p>\n","protected":false},"author":1,"featured_media":65,"parent":0,"menu_order":0,"comment_status":"closed","ping_status":"closed","template":"","meta":{"footnotes":""},"class_list":["post-35","page","type-page","status-publish","has-post-thumbnail"],"_links":{"self":[{"href":"https:\/\/dnp-consulting.com\/index.php\/wp-json\/wp\/v2\/pages\/35","targetHints":{"allow":["GET"]}}],"collection":[{"href":"https:\/\/dnp-consulting.com\/index.php\/wp-json\/wp\/v2\/pages"}],"about":[{"href":"https:\/\/dnp-consulting.com\/index.php\/wp-json\/wp\/v2\/types\/page"}],"author":[{"embeddable":true,"href":"https:\/\/dnp-consulting.com\/index.php\/wp-json\/wp\/v2\/users\/1"}],"replies":[{"embeddable":true,"href":"https:\/\/dnp-consulting.com\/index.php\/wp-json\/wp\/v2\/comments?post=35"}],"version-history":[{"count":6,"href":"https:\/\/dnp-consulting.com\/index.php\/wp-json\/wp\/v2\/pages\/35\/revisions"}],"predecessor-version":[{"id":75,"href":"https:\/\/dnp-consulting.com\/index.php\/wp-json\/wp\/v2\/pages\/35\/revisions\/75"}],"wp:featuredmedia":[{"embeddable":true,"href":"https:\/\/dnp-consulting.com\/index.php\/wp-json\/wp\/v2\/media\/65"}],"wp:attachment":[{"href":"https:\/\/dnp-consulting.com\/index.php\/wp-json\/wp\/v2\/media?parent=35"}],"curies":[{"name":"wp","href":"https:\/\/api.w.org\/{rel}","templated":true}]}}